{"id":126283,"date":"2019-09-13T14:52:09","date_gmt":"2019-09-13T14:52:09","guid":{"rendered":"https:\/\/test.swelt.com\/%e8%af%81%e4%b9%a6\/"},"modified":"2021-08-06T11:39:49","modified_gmt":"2021-08-06T11:39:49","slug":"%e8%af%81%e4%b9%a6","status":"publish","type":"page","link":"https:\/\/swelt.com\/zh-hans\/%e5%85%b3%e4%ba%8e%e6%88%91%e4%bb%ac\/%e8%af%81%e4%b9%a6\/","title":{"rendered":"\u8bc1\u4e66"},"content":{"rendered":"\t\t<div data-elementor-type=\"wp-page\" data-elementor-id=\"126283\" class=\"elementor elementor-126283 elementor-29301\" data-elementor-post-type=\"page\">\n\t\t\t\t\t\t<section class=\"elementor-section elementor-top-section elementor-element elementor-element-3bb3567 elementor-section-boxed elementor-section-height-default elementor-section-height-default neuron-fixed-no\" data-id=\"3bb3567\" data-element_type=\"section\" data-e-type=\"section\">\n\t\t\t\t\t\t<div class=\"elementor-container elementor-column-gap-default\">\n\t\t\t\t\t<div class=\"elementor-column elementor-col-100 elementor-top-column elementor-element elementor-element-22d147b\" data-id=\"22d147b\" data-element_type=\"column\" data-e-type=\"column\">\n\t\t\t<div class=\"elementor-widget-wrap elementor-element-populated\">\n\t\t\t\t\t\t<div class=\"elementor-element elementor-element-a4bd7f5 elementor-widget elementor-widget-heading\" data-id=\"a4bd7f5\" data-element_type=\"widget\" data-e-type=\"widget\" data-widget_type=\"heading.default\">\n\t\t\t\t<div class=\"elementor-widget-container\">\n\t\t\t\t\t<h2 class=\"elementor-heading-title elementor-size-default\">\u6458\u81ea\u6211\u4eec\u7684\u5ba2\u6237\u540d\u5355<\/h2>\t\t\t\t<\/div>\n\t\t\t\t<\/div>\n\t\t\t\t\t<\/div>\n\t\t<\/div>\n\t\t\t\t\t<\/div>\n\t\t<\/section>\n\t\t\t\t<section class=\"elementor-section elementor-top-section elementor-element elementor-element-c70d182 elementor-section-boxed elementor-section-height-default elementor-section-height-default neuron-fixed-no\" data-id=\"c70d182\" data-element_type=\"section\" data-e-type=\"section\">\n\t\t\t\t\t\t<div class=\"elementor-container elementor-column-gap-default\">\n\t\t\t\t\t<div class=\"elementor-column elementor-col-33 elementor-top-column elementor-element elementor-element-444c43f\" data-id=\"444c43f\" data-element_type=\"column\" data-e-type=\"column\">\n\t\t\t<div class=\"elementor-widget-wrap elementor-element-populated\">\n\t\t\t\t\t\t<div class=\"elementor-element elementor-element-6ef125c elementor-drop-cap-yes elementor-drop-cap-view-default elementor-widget elementor-widget-text-editor\" data-id=\"6ef125c\" data-element_type=\"widget\" data-e-type=\"widget\" data-settings=\"{&quot;drop_cap&quot;:&quot;yes&quot;}\" data-widget_type=\"text-editor.default\">\n\t\t\t\t<div class=\"elementor-widget-container\">\n\t\t\t\t\t\t\t\t\t<p><a href=\"\/?s=2raumwohnung\">2raumwohnung<\/a> \/\/ adidas \/\/ <a href=\"\/?tag=amnesty\">Amnesty International<\/a> \/\/ <a href=\"\/?tag=antonio-de-luca\">Antonio de Luca<\/a> \/\/ ApoTheke Dresden \/\/ <a href=\"\/arts-in-munich\/\">Arts In Munich<\/a> \/\/ <a href=\"\/?s=Audi+forum\">Audi Forum<\/a> \/\/ <a href=\"\/?tag=lgl\">Bayerisches Landesamt f\u00fcr Gesundheit und Lebensmittelsicherheit (LGL)<\/a> \/\/ <a href=\"\/?s=Bayerisches+Staatsministerium+f%C3%BCr+Gesundheit+und+Pflege\">Bayerisches Staatsministerium f\u00fcr Gesundheit und Pflege<\/a> \/\/ Bayerisches Staatsministerium f\u00fcr Umwelt, Gesundheit und Verbraucherschutz \/\/ <a href=\"\/?tag=zpg\">Bayerisches Zentrum f\u00fcr Pr\u00e4vention und Gesundheitsf\u00f6rderung (ZPG)<\/a> \/\/ <a href=\"\/?tag=benjamin-bergmann\">Benjamin Bergmann<\/a> \/\/ <a href=\"\/?p=5282\">Bernhard Langer<\/a> \/\/ <a href=\"\/?tag=bmw\">BMW<\/a> \/\/ <a href=\"\/?s=BMW+International+Open\">BMW International Open<\/a> \/\/ Booking.tv \/\/ B\u00f8rding \/\/ <a href=\"\/?tag=antonio-de-luca\">BURDA<\/a> \/\/ Caritas Bayern e.V. \/\/ Carsten Stormer \/\/ <a href=\"\/?tag=cevabdzinica\">Cevabdzinica<\/a> \/\/ <a href=\"\/?tag=chaca-chaca\">ChacaChaca<\/a> \/\/ Chesterton \/\/\u00a0<a href=\"\/?tag=chicks-on-speed\">ChicKs On Speed<\/a> \/\/ Child Care Company \/\/ Christian Kreuz \/\/ Comfort Gewerbebau \/\/ Dakar &amp; Grinser \/\/ <a href=\"\/?tag=dampfraumschiff\">Dampfraumschiff<\/a> \/\/ deutsche golf online \/\/ DGV \u2013 Deutscher Golf Verband \/\/ DeutschlandNetz \/\/ <a href=\"\/?tag=digital-analog\">Digital Analog<\/a> \/\/ Digitale Bibliothek des Landes Nordrhein-Westfalen \/\/ <a href=\"\/?tag=discopatrol\">DiscoPatrol<\/a> \/\/ <a href=\"\/?tag=diskob\">Disko B<\/a> \/\/ <a href=\"\/?tag=drugstop\">DrugStop<\/a> \/\/ <a href=\"\/?tag=dungeon\">Dungeon<\/a> \/\/ D\u00f6bl Frisuren \/\/ <a href=\"\/?s=E-Plus\">E-Plus<\/a> \/\/<\/p>\t\t\t\t\t\t\t\t<\/div>\n\t\t\t\t<\/div>\n\t\t\t\t\t<\/div>\n\t\t<\/div>\n\t\t\t\t<div class=\"elementor-column elementor-col-33 elementor-top-column elementor-element elementor-element-8c6e162\" data-id=\"8c6e162\" data-element_type=\"column\" data-e-type=\"column\">\n\t\t\t<div class=\"elementor-widget-wrap elementor-element-populated\">\n\t\t\t\t\t\t<div class=\"elementor-element elementor-element-606e5c8 elementor-widget elementor-widget-text-editor\" data-id=\"606e5c8\" data-element_type=\"widget\" data-e-type=\"widget\" data-widget_type=\"text-editor.default\">\n\t\t\t\t<div class=\"elementor-widget-container\">\n\t\t\t\t\t\t\t\t\t<p><a href=\"\/?tag=egofm\">egoFM<\/a>\/\/ <a href=\"\/?tag=einewelthaus\">EineWeltHaus<\/a> \/\/ Energy Line \/\/ <a href=\"\/?tag=erkrankung-durch-musique\">Erkrankung durch Musique<\/a> \/\/ escorteaze.com \/\/ Esther\u2019s German Bakery \/\/ Eurocard \/\/ f-booking \/\/ <a href=\"\/?tag=flokati\">Flokati House Club<\/a> \/\/ Fortina Records \/\/ Freeman T. Porter \/\/ <a href=\"\/?s=Volksentscheide\">F\u00fcr Volksentscheide<\/a> \/\/ g.i.b. records \/\/ Gedankenstube \/\/ Generation Aldi \/\/ genosk genossenschaft \/\/ Golf Journal \/\/ <a href=\"\/?tag=golf-de\">golf.de<\/a> \/\/ <a href=\"\/?tag=gostimirovic-com\">Gostimirovic<\/a> \/\/ GreenCity \/\/ Grossfuss \/\/ GROWDY \/\/ GunClub \/\/ <a href=\"\/?tag=handschrift\">handschrift.schoenere.de<\/a> \/\/ <a href=\"\/?tag=harryklein\">Harry Klein<\/a> \/\/ Haus-Meister-Service.com \/\/ <a href=\"\/?p=104985\">Hein Gericke<\/a> \/\/ Herb X Bullyparade \/\/ <a href=\"\/?tag=hifi-components\">HIFI Components<\/a> \/\/ <a href=\"\/?tag=highflyer\">Highflyer<\/a> \/\/ Hochschulbibliothekszentrum des Landes Nordrhein-Westfalen \/\/ HP \/\/ <a href=\"\/?s=ihs\">IHS<\/a> \/\/ <a href=\"\/?tag=informationpartners\">information partners<\/a> \/\/ intergolf \/\/ ISPO M\u00fcnchen \/\/ JVA Oldenburg \/\/ k3 kempter \/\/ Kanzlei Heringer \/\/ <a href=\"\/?tag=koelliker\">Koelliker AG<\/a> \/\/ <a href=\"\/?tag=ksar\">Ksar Bar<\/a> \/\/<a href=\"\/?tag=labrassbanda\">LaBrassBanda<\/a> \/\/ <a href=\"\/?s=lzg\">Landeszentrale f\u00fcr Gesundheit e.V. (LZG)<\/a> \/\/ Langemann &amp; die Morgencrew \/\/ Legato Europe \/\/ Linde German Masters \/\/ LOOP SHOP \/\/ Malteser \/\/ Milchbar \/\/ <a href=\"\/?tag=mindzone\">sauber drauf! mindzone.info<\/a> \/\/ Nokia Trends Lab<\/p>\t\t\t\t\t\t\t\t<\/div>\n\t\t\t\t<\/div>\n\t\t\t\t\t<\/div>\n\t\t<\/div>\n\t\t\t\t<div class=\"elementor-column elementor-col-33 elementor-top-column elementor-element elementor-element-5825b92\" data-id=\"5825b92\" data-element_type=\"column\" data-e-type=\"column\">\n\t\t\t<div class=\"elementor-widget-wrap elementor-element-populated\">\n\t\t\t\t\t\t<div class=\"elementor-element elementor-element-f4e2809 elementor-widget elementor-widget-text-editor\" data-id=\"f4e2809\" data-element_type=\"widget\" data-e-type=\"widget\" data-widget_type=\"text-editor.default\">\n\t\t\t\t<div class=\"elementor-widget-container\">\n\t\t\t\t\t\t\t\t\t<p><a href=\"\/?tag=miss-kittin\">Miss Kittin<\/a> \/\/ <a href=\"\/?tag=misskittin-and-the-hacker\">Miss Kittin &amp; The Hacker<\/a> \/\/ Mogul \/\/ mw bueroplanung \/\/ <a href=\"\/?tag=mannerabend\">M\u00e4nnerabend<\/a> \/\/ <a href=\"\/?tag=nb-computer\">nb-computer<\/a> \/\/ nobody\u2019s bizzness \/\/ <a href=\"\/?tag=optimal\">OPTIMAL Records<\/a> \/\/ Palm Fiction, Mallorca \/\/ <a href=\"\/?tag=pastamusik\">Pastamusik<\/a> \/\/ Peter Nowak \/\/ <a href=\"\/?tag=peter-schermuly\">Peter Schermuly<\/a> \/\/ pgm. professional golf management \/\/ Plank \/\/ Pro Sieben \/\/ <a href=\"\/?tag=protos\">protos gmbh<\/a> \/\/ <a href=\"\/?s=Pr%C3%A4ventionspakt\">Pr\u00e4ventionspakt Bayern<\/a> \/\/ RagRepublic \/\/ <a href=\"\/?p=104862\">Reel<\/a> \/\/ <a href=\"\/?tag=rote-sonne\">Rote Sonne<\/a> \/\/ Sabotage \/\/ <a href=\"\/?tag=salzderhelden\">salzderHelden.TV<\/a> \/\/ Sat.1 \/\/ <a href=\"\/?tag=searchxml\">SearchXML<\/a> \/\/ Seminarboerse.de \/\/ Sendlinger Augustiner \/\/ Shi Shi, Beijing \/\/ Siemens \/\/ SilkRoad \/\/ <a href=\"\/?tag=sony-music\">Sony BMG<\/a> \/\/ <a href=\"\/?tag=stani\">Stani Sternenstaub<\/a> \/\/ <a href=\"\/?tag=Stereogarten\">Stereogarten, Ex-St.Wenzl<\/a> \/\/ <a href=\"\/?tag=stock5\">Stock 5<\/a> \/\/ <a href=\"\/?tag=subup-com\">SubUp Records<\/a> \/\/ SUPER AGENCY \/\/ <a href=\"\/?tag=tecomac\">Tecomac<\/a> \/\/ <a href=\"\/?s=testwoche\">TestJetzt.de (Bayerische HIV-Testwoche)<\/a> \/\/ thaisite.com \/\/ Thang Long Shop \/\/ <a href=\"\/?tag=thomas-steffl\">Thomas Steffl<\/a> \/\/ The Context Collective \/\/ <a href=\"\/?p=1\">Three Shadows Art Museum Beijing<\/a> \/\/ Timberfox (mit Mama) \/\/ Trikont \/\/ <a href=\"\/?tag=ultraschall\">Ultraschall<\/a> \/\/ Unternehmensgruppe Wander \/\/ <a href=\"\/?tag=uunet\">UUNet<\/a> \/\/ <a href=\"\/?tag=viralcee\">Viralcee<\/a> \/\/ Wander Unternehmsgruppe \/\/ Warner Chappell Germany \/\/ Werbemenschen \/\/ <a href=\"\/?tag=golf-wm2000\">wm2000 berlin<\/a> \/\/ <a href=\"\/?s=x3network.net\">x3network.net<\/a> \/\/ <a href=\"\/?tag=yugong-yishan\">\u5317\u4eac\u611a\u516c\u79fb\u5c71<\/a>\/\/ Zanadu.cn \/\/ ZiN \u6982\u5ff5 \/\/ ~ scape<\/p>\t\t\t\t\t\t\t\t<\/div>\n\t\t\t\t<\/div>\n\t\t\t\t\t<\/div>\n\t\t<\/div>\n\t\t\t\t\t<\/div>\n\t\t<\/section>\n\t\t\t\t<\/div>\n\t\t","protected":false},"excerpt":{"rendered":"<p>\u6458\u81ea\u6211\u4eec\u7684\u5ba2\u6237\u540d\u5355 2raumwoh&#8230;<\/p>\n","protected":false},"author":1,"featured_media":0,"parent":126297,"menu_order":0,"comment_status":"closed","ping_status":"closed","template":"","meta":{"_acf_changed":false,"footnotes":""},"class_list":["post-126283","page","type-page","status-publish","hentry"],"acf":[],"yoast_head":"<!-- This site is optimized with the Yoast SEO plugin v27.4 - https:\/\/yoast.com\/product\/yoast-seo-wordpress\/ -->\n<title>\u8bc1\u4e66 &#8211; sch\u00f6nereWelt!<\/title>\n<meta name=\"robots\" content=\"index, follow, max-snippet:-1, max-image-preview:large, max-video-preview:-1\" \/>\n<link rel=\"canonical\" href=\"https:\/\/swelt.com\/zh-hans\/%e5%85%b3%e4%ba%8e%e6%88%91%e4%bb%ac\/%e8%af%81%e4%b9%a6\/\" \/>\n<meta property=\"og:locale\" content=\"zh_CN\" \/>\n<meta property=\"og:type\" content=\"article\" \/>\n<meta property=\"og:title\" content=\"\u8bc1\u4e66 &#8211; sch\u00f6nereWelt!\" \/>\n<meta property=\"og:description\" content=\"\u6458\u81ea\u6211\u4eec\u7684\u5ba2\u6237\u540d\u5355 2raumwoh...\" \/>\n<meta property=\"og:url\" content=\"https:\/\/swelt.com\/zh-hans\/%e5%85%b3%e4%ba%8e%e6%88%91%e4%bb%ac\/%e8%af%81%e4%b9%a6\/\" \/>\n<meta property=\"og:site_name\" content=\"sch\u00f6nereWelt!\" \/>\n<meta property=\"article:publisher\" content=\"https:\/\/www.facebook.com\/schoenereWelt\/\" \/>\n<meta property=\"article:modified_time\" content=\"2021-08-06T11:39:49+00:00\" \/>\n<meta name=\"twitter:card\" content=\"summary_large_image\" \/>\n<meta name=\"twitter:site\" content=\"@swelts\" \/>\n<meta name=\"twitter:label1\" content=\"\u9884\u8ba1\u9605\u8bfb\u65f6\u95f4\" \/>\n\t<meta name=\"twitter:data1\" content=\"2 \u5206\" \/>\n<script type=\"application\/ld+json\" class=\"yoast-schema-graph\">{\"@context\":\"https:\\\/\\\/schema.org\",\"@graph\":[{\"@type\":\"WebPage\",\"@id\":\"https:\\\/\\\/swelt.com\\\/zh-hans\\\/%e5%85%b3%e4%ba%8e%e6%88%91%e4%bb%ac\\\/%e8%af%81%e4%b9%a6\\\/\",\"url\":\"https:\\\/\\\/swelt.com\\\/zh-hans\\\/%e5%85%b3%e4%ba%8e%e6%88%91%e4%bb%ac\\\/%e8%af%81%e4%b9%a6\\\/\",\"name\":\"\u8bc1\u4e66 &#8211; sch\u00f6nereWelt!\",\"isPartOf\":{\"@id\":\"https:\\\/\\\/swelt.com\\\/zh-hans\\\/#website\"},\"datePublished\":\"2019-09-13T14:52:09+00:00\",\"dateModified\":\"2021-08-06T11:39:49+00:00\",\"breadcrumb\":{\"@id\":\"https:\\\/\\\/swelt.com\\\/zh-hans\\\/%e5%85%b3%e4%ba%8e%e6%88%91%e4%bb%ac\\\/%e8%af%81%e4%b9%a6\\\/#breadcrumb\"},\"inLanguage\":\"zh-Hans\",\"potentialAction\":[{\"@type\":\"ReadAction\",\"target\":[\"https:\\\/\\\/swelt.com\\\/zh-hans\\\/%e5%85%b3%e4%ba%8e%e6%88%91%e4%bb%ac\\\/%e8%af%81%e4%b9%a6\\\/\"]}]},{\"@type\":\"BreadcrumbList\",\"@id\":\"https:\\\/\\\/swelt.com\\\/zh-hans\\\/%e5%85%b3%e4%ba%8e%e6%88%91%e4%bb%ac\\\/%e8%af%81%e4%b9%a6\\\/#breadcrumb\",\"itemListElement\":[{\"@type\":\"ListItem\",\"position\":1,\"name\":\"Startseite\",\"item\":\"https:\\\/\\\/swelt.com\\\/zh-hans\\\/\"},{\"@type\":\"ListItem\",\"position\":2,\"name\":\"\u5173\u4e8e\u6211\u4eec\",\"item\":\"https:\\\/\\\/swelt.com\\\/zh-hans\\\/%e5%85%b3%e4%ba%8e%e6%88%91%e4%bb%ac\\\/\"},{\"@type\":\"ListItem\",\"position\":3,\"name\":\"\u8bc1\u4e66\"}]},{\"@type\":\"WebSite\",\"@id\":\"https:\\\/\\\/swelt.com\\\/zh-hans\\\/#website\",\"url\":\"https:\\\/\\\/swelt.com\\\/zh-hans\\\/\",\"name\":\"sch\u00f6nereWelt!\",\"description\":\"entwicklung durch gestaltung\",\"publisher\":{\"@id\":\"https:\\\/\\\/swelt.com\\\/zh-hans\\\/#organization\"},\"potentialAction\":[{\"@type\":\"SearchAction\",\"target\":{\"@type\":\"EntryPoint\",\"urlTemplate\":\"https:\\\/\\\/swelt.com\\\/zh-hans\\\/?s={search_term_string}\"},\"query-input\":{\"@type\":\"PropertyValueSpecification\",\"valueRequired\":true,\"valueName\":\"search_term_string\"}}],\"inLanguage\":\"zh-Hans\"},{\"@type\":\"Organization\",\"@id\":\"https:\\\/\\\/swelt.com\\\/zh-hans\\\/#organization\",\"name\":\"sch\u00f6nereWelt!\",\"url\":\"https:\\\/\\\/swelt.com\\\/zh-hans\\\/\",\"logo\":{\"@type\":\"ImageObject\",\"inLanguage\":\"zh-Hans\",\"@id\":\"https:\\\/\\\/swelt.com\\\/zh-hans\\\/#\\\/schema\\\/logo\\\/image\\\/\",\"url\":\"http:\\\/\\\/swelt.com\\\/wp-content\\\/uploads\\\/2016\\\/09\\\/sch\u00f6nereWelt-logo-2014-888px-animated2-StartYellow.gif\",\"contentUrl\":\"http:\\\/\\\/swelt.com\\\/wp-content\\\/uploads\\\/2016\\\/09\\\/sch\u00f6nereWelt-logo-2014-888px-animated2-StartYellow.gif\",\"width\":888,\"height\":888,\"caption\":\"sch\u00f6nereWelt!\"},\"image\":{\"@id\":\"https:\\\/\\\/swelt.com\\\/zh-hans\\\/#\\\/schema\\\/logo\\\/image\\\/\"},\"sameAs\":[\"https:\\\/\\\/www.facebook.com\\\/schoenereWelt\\\/\",\"https:\\\/\\\/x.com\\\/swelts\",\"https:\\\/\\\/www.instagram.com\\\/swelts\\\/\",\"https:\\\/\\\/www.linkedin.com\\\/in\\\/swelt\\\/\",\"https:\\\/\\\/de.pinterest.com\\\/swelts\\\/pins\\\/\",\"http:\\\/\\\/youtube.com\\\/swelt\"]}]}<\/script>\n<!-- \/ Yoast SEO plugin. -->","yoast_head_json":{"title":"\u8bc1\u4e66 &#8211; sch\u00f6nereWelt!","robots":{"index":"index","follow":"follow","max-snippet":"max-snippet:-1","max-image-preview":"max-image-preview:large","max-video-preview":"max-video-preview:-1"},"canonical":"https:\/\/swelt.com\/zh-hans\/%e5%85%b3%e4%ba%8e%e6%88%91%e4%bb%ac\/%e8%af%81%e4%b9%a6\/","og_locale":"zh_CN","og_type":"article","og_title":"\u8bc1\u4e66 &#8211; sch\u00f6nereWelt!","og_description":"\u6458\u81ea\u6211\u4eec\u7684\u5ba2\u6237\u540d\u5355 2raumwoh...","og_url":"https:\/\/swelt.com\/zh-hans\/%e5%85%b3%e4%ba%8e%e6%88%91%e4%bb%ac\/%e8%af%81%e4%b9%a6\/","og_site_name":"sch\u00f6nereWelt!","article_publisher":"https:\/\/www.facebook.com\/schoenereWelt\/","article_modified_time":"2021-08-06T11:39:49+00:00","twitter_card":"summary_large_image","twitter_site":"@swelts","twitter_misc":{"\u9884\u8ba1\u9605\u8bfb\u65f6\u95f4":"2 \u5206"},"schema":{"@context":"https:\/\/schema.org","@graph":[{"@type":"WebPage","@id":"https:\/\/swelt.com\/zh-hans\/%e5%85%b3%e4%ba%8e%e6%88%91%e4%bb%ac\/%e8%af%81%e4%b9%a6\/","url":"https:\/\/swelt.com\/zh-hans\/%e5%85%b3%e4%ba%8e%e6%88%91%e4%bb%ac\/%e8%af%81%e4%b9%a6\/","name":"\u8bc1\u4e66 &#8211; sch\u00f6nereWelt!","isPartOf":{"@id":"https:\/\/swelt.com\/zh-hans\/#website"},"datePublished":"2019-09-13T14:52:09+00:00","dateModified":"2021-08-06T11:39:49+00:00","breadcrumb":{"@id":"https:\/\/swelt.com\/zh-hans\/%e5%85%b3%e4%ba%8e%e6%88%91%e4%bb%ac\/%e8%af%81%e4%b9%a6\/#breadcrumb"},"inLanguage":"zh-Hans","potentialAction":[{"@type":"ReadAction","target":["https:\/\/swelt.com\/zh-hans\/%e5%85%b3%e4%ba%8e%e6%88%91%e4%bb%ac\/%e8%af%81%e4%b9%a6\/"]}]},{"@type":"BreadcrumbList","@id":"https:\/\/swelt.com\/zh-hans\/%e5%85%b3%e4%ba%8e%e6%88%91%e4%bb%ac\/%e8%af%81%e4%b9%a6\/#breadcrumb","itemListElement":[{"@type":"ListItem","position":1,"name":"Startseite","item":"https:\/\/swelt.com\/zh-hans\/"},{"@type":"ListItem","position":2,"name":"\u5173\u4e8e\u6211\u4eec","item":"https:\/\/swelt.com\/zh-hans\/%e5%85%b3%e4%ba%8e%e6%88%91%e4%bb%ac\/"},{"@type":"ListItem","position":3,"name":"\u8bc1\u4e66"}]},{"@type":"WebSite","@id":"https:\/\/swelt.com\/zh-hans\/#website","url":"https:\/\/swelt.com\/zh-hans\/","name":"sch\u00f6nereWelt!","description":"entwicklung durch gestaltung","publisher":{"@id":"https:\/\/swelt.com\/zh-hans\/#organization"},"potentialAction":[{"@type":"SearchAction","target":{"@type":"EntryPoint","urlTemplate":"https:\/\/swelt.com\/zh-hans\/?s={search_term_string}"},"query-input":{"@type":"PropertyValueSpecification","valueRequired":true,"valueName":"search_term_string"}}],"inLanguage":"zh-Hans"},{"@type":"Organization","@id":"https:\/\/swelt.com\/zh-hans\/#organization","name":"sch\u00f6nereWelt!","url":"https:\/\/swelt.com\/zh-hans\/","logo":{"@type":"ImageObject","inLanguage":"zh-Hans","@id":"https:\/\/swelt.com\/zh-hans\/#\/schema\/logo\/image\/","url":"http:\/\/swelt.com\/wp-content\/uploads\/2016\/09\/sch\u00f6nereWelt-logo-2014-888px-animated2-StartYellow.gif","contentUrl":"http:\/\/swelt.com\/wp-content\/uploads\/2016\/09\/sch\u00f6nereWelt-logo-2014-888px-animated2-StartYellow.gif","width":888,"height":888,"caption":"sch\u00f6nereWelt!"},"image":{"@id":"https:\/\/swelt.com\/zh-hans\/#\/schema\/logo\/image\/"},"sameAs":["https:\/\/www.facebook.com\/schoenereWelt\/","https:\/\/x.com\/swelts","https:\/\/www.instagram.com\/swelts\/","https:\/\/www.linkedin.com\/in\/swelt\/","https:\/\/de.pinterest.com\/swelts\/pins\/","http:\/\/youtube.com\/swelt"]}]}},"_links":{"self":[{"href":"https:\/\/swelt.com\/zh-hans\/wp-json\/wp\/v2\/pages\/126283","targetHints":{"allow":["GET"]}}],"collection":[{"href":"https:\/\/swelt.com\/zh-hans\/wp-json\/wp\/v2\/pages"}],"about":[{"href":"https:\/\/swelt.com\/zh-hans\/wp-json\/wp\/v2\/types\/page"}],"author":[{"embeddable":true,"href":"https:\/\/swelt.com\/zh-hans\/wp-json\/wp\/v2\/users\/1"}],"replies":[{"embeddable":true,"href":"https:\/\/swelt.com\/zh-hans\/wp-json\/wp\/v2\/comments?post=126283"}],"version-history":[{"count":0,"href":"https:\/\/swelt.com\/zh-hans\/wp-json\/wp\/v2\/pages\/126283\/revisions"}],"up":[{"embeddable":true,"href":"https:\/\/swelt.com\/zh-hans\/wp-json\/wp\/v2\/pages\/126297"}],"wp:attachment":[{"href":"https:\/\/swelt.com\/zh-hans\/wp-json\/wp\/v2\/media?parent=126283"}],"curies":[{"name":"wp","href":"https:\/\/api.w.org\/{rel}","templated":true}]}}